{"id":156,"date":"2025-06-12T06:39:01","date_gmt":"2025-06-12T06:39:01","guid":{"rendered":"https:\/\/manifest.bootests.com\/home\/"},"modified":"2025-09-22T07:14:58","modified_gmt":"2025-09-22T07:14:58","slug":"anasayfa","status":"publish","type":"page","link":"https:\/\/manifestgirlband.com\/tr\/","title":{"rendered":"Anasayfa"},"content":{"rendered":"","protected":false},"excerpt":{"rendered":"","protected":false},"author":2,"featured_media":133,"parent":0,"menu_order":-20,"comment_status":"closed","ping_status":"closed","template":"page-home.php","meta":{"_acf_changed":false,"footnotes":""},"class_list":["post-156","page","type-page","status-publish","has-post-thumbnail","hentry"],"acf":[],"yoast_head":"<!-- This site is optimized with the Yoast SEO plugin v25.3 - https:\/\/yoast.com\/wordpress\/plugins\/seo\/ -->\n<title>Manifest \u2014 Alt\u0131 K\u0131z. Bir Enerji.<\/title>\n<meta name=\"description\" content=\"Manifest, Big 5 T\u00fcrkiye\u2019de do\u011fan alt\u0131 gen\u00e7 kad\u0131ndan olu\u015fan k\u0131z grubu. Cesur pop sound\u2019u ve enerjisiyle T\u00fcrkiye\u2019den k\u00fcresel sahneye uzan\u0131yor.\" \/>\n<meta name=\"robots\" content=\"index, follow, max-snippet:-1, max-image-preview:large, max-video-preview:-1\" \/>\n<link rel=\"canonical\" href=\"https:\/\/manifestgirlband.com\/tr\/\" \/>\n<meta property=\"og:locale\" content=\"tr_TR\" \/>\n<meta property=\"og:type\" content=\"article\" \/>\n<meta property=\"og:title\" content=\"Manifest \u2014 Alt\u0131 K\u0131z. Bir Enerji.\" \/>\n<meta property=\"og:description\" content=\"Manifest, Big 5 T\u00fcrkiye\u2019de do\u011fan alt\u0131 gen\u00e7 kad\u0131ndan olu\u015fan k\u0131z grubu. Cesur pop sound\u2019u ve enerjisiyle T\u00fcrkiye\u2019den k\u00fcresel sahneye uzan\u0131yor.\" \/>\n<meta property=\"og:url\" content=\"https:\/\/manifestgirlband.com\/tr\/\" \/>\n<meta property=\"og:site_name\" content=\"Manifest\" \/>\n<meta property=\"article:modified_time\" content=\"2025-09-22T07:14:58+00:00\" \/>\n<meta property=\"og:image\" content=\"https:\/\/manifestgirlband.com\/wp-content\/uploads\/our-story-1.jpg\" \/>\n\t<meta property=\"og:image:width\" content=\"616\" \/>\n\t<meta property=\"og:image:height\" content=\"492\" \/>\n\t<meta property=\"og:image:type\" content=\"image\/jpeg\" \/>\n<meta name=\"twitter:card\" content=\"summary_large_image\" \/>\n<meta name=\"twitter:site\" content=\"@m6nifestgirls\" \/>\n<meta name=\"twitter:label1\" content=\"Tahmini okuma s\u00fcresi\" \/>\n\t<meta name=\"twitter:data1\" content=\"1 dakika\" \/>\n<script type=\"application\/ld+json\" class=\"yoast-schema-graph\">{\"@context\":\"https:\/\/schema.org\",\"@graph\":[{\"@type\":\"WebPage\",\"@id\":\"https:\/\/manifestgirlband.com\/tr\/\",\"url\":\"https:\/\/manifestgirlband.com\/tr\/\",\"name\":\"Manifest \u2014 Alt\u0131 K\u0131z. Bir Enerji.\",\"isPartOf\":{\"@id\":\"https:\/\/manifestgirlband.com\/tr\/#website\"},\"primaryImageOfPage\":{\"@id\":\"https:\/\/manifestgirlband.com\/tr\/#primaryimage\"},\"image\":{\"@id\":\"https:\/\/manifestgirlband.com\/tr\/#primaryimage\"},\"thumbnailUrl\":\"https:\/\/manifestgirlband.com\/wp-content\/uploads\/our-story-1.jpg\",\"datePublished\":\"2025-06-12T06:39:01+00:00\",\"dateModified\":\"2025-09-22T07:14:58+00:00\",\"description\":\"Manifest, Big 5 T\u00fcrkiye\u2019de do\u011fan alt\u0131 gen\u00e7 kad\u0131ndan olu\u015fan k\u0131z grubu. Cesur pop sound\u2019u ve enerjisiyle T\u00fcrkiye\u2019den k\u00fcresel sahneye uzan\u0131yor.\",\"breadcrumb\":{\"@id\":\"https:\/\/manifestgirlband.com\/tr\/#breadcrumb\"},\"inLanguage\":\"tr\",\"potentialAction\":[{\"@type\":\"ReadAction\",\"target\":[\"https:\/\/manifestgirlband.com\/tr\/\"]}]},{\"@type\":\"ImageObject\",\"inLanguage\":\"tr\",\"@id\":\"https:\/\/manifestgirlband.com\/tr\/#primaryimage\",\"url\":\"https:\/\/manifestgirlband.com\/wp-content\/uploads\/our-story-1.jpg\",\"contentUrl\":\"https:\/\/manifestgirlband.com\/wp-content\/uploads\/our-story-1.jpg\",\"width\":616,\"height\":492},{\"@type\":\"BreadcrumbList\",\"@id\":\"https:\/\/manifestgirlband.com\/tr\/#breadcrumb\",\"itemListElement\":[{\"@type\":\"ListItem\",\"position\":1,\"name\":\"Anasayfa\",\"item\":\"https:\/\/manifestgirlband.com\/tr\/\"},{\"@type\":\"ListItem\",\"position\":2,\"name\":\"Anasayfa\"}]},{\"@type\":\"WebSite\",\"@id\":\"https:\/\/manifestgirlband.com\/tr\/#website\",\"url\":\"https:\/\/manifestgirlband.com\/tr\/\",\"name\":\"Manifest\",\"description\":\"\",\"publisher\":{\"@id\":\"https:\/\/manifestgirlband.com\/tr\/#organization\"},\"potentialAction\":[{\"@type\":\"SearchAction\",\"target\":{\"@type\":\"EntryPoint\",\"urlTemplate\":\"https:\/\/manifestgirlband.com\/tr\/?s={search_term_string}\"},\"query-input\":{\"@type\":\"PropertyValueSpecification\",\"valueRequired\":true,\"valueName\":\"search_term_string\"}}],\"inLanguage\":\"tr\"},{\"@type\":\"Organization\",\"@id\":\"https:\/\/manifestgirlband.com\/tr\/#organization\",\"name\":\"Manifest\",\"url\":\"https:\/\/manifestgirlband.com\/tr\/\",\"logo\":{\"@type\":\"ImageObject\",\"inLanguage\":\"tr\",\"@id\":\"https:\/\/manifestgirlband.com\/tr\/#\/schema\/logo\/image\/\",\"url\":\"https:\/\/manifestgirlband.com\/wp-content\/uploads\/manifest-og-logo-1.png\",\"contentUrl\":\"https:\/\/manifestgirlband.com\/wp-content\/uploads\/manifest-og-logo-1.png\",\"width\":1200,\"height\":630,\"caption\":\"Manifest\"},\"image\":{\"@id\":\"https:\/\/manifestgirlband.com\/tr\/#\/schema\/logo\/image\/\"},\"sameAs\":[\"https:\/\/x.com\/m6nifestgirls\",\"https:\/\/www.tiktok.com\/@m6nifestgirls\",\"https:\/\/www.instagram.com\/m6nifestgirls\",\"https:\/\/www.youtube.com\/@m6nifestgirls\",\"https:\/\/open.spotify.com\/intl-tr\/artist\/2WjzL05RyqIk5n53sZc9nf?si=IehAfEebQA-buZyDJ6_m3w\"]}]}<\/script>\n<!-- \/ Yoast SEO plugin. -->","yoast_head_json":{"title":"Manifest \u2014 Alt\u0131 K\u0131z. Bir Enerji.","description":"Manifest, Big 5 T\u00fcrkiye\u2019de do\u011fan alt\u0131 gen\u00e7 kad\u0131ndan olu\u015fan k\u0131z grubu. Cesur pop sound\u2019u ve enerjisiyle T\u00fcrkiye\u2019den k\u00fcresel sahneye uzan\u0131yor.","robots":{"index":"index","follow":"follow","max-snippet":"max-snippet:-1","max-image-preview":"max-image-preview:large","max-video-preview":"max-video-preview:-1"},"canonical":"https:\/\/manifestgirlband.com\/tr\/","og_locale":"tr_TR","og_type":"article","og_title":"Manifest \u2014 Alt\u0131 K\u0131z. Bir Enerji.","og_description":"Manifest, Big 5 T\u00fcrkiye\u2019de do\u011fan alt\u0131 gen\u00e7 kad\u0131ndan olu\u015fan k\u0131z grubu. Cesur pop sound\u2019u ve enerjisiyle T\u00fcrkiye\u2019den k\u00fcresel sahneye uzan\u0131yor.","og_url":"https:\/\/manifestgirlband.com\/tr\/","og_site_name":"Manifest","article_modified_time":"2025-09-22T07:14:58+00:00","og_image":[{"width":616,"height":492,"url":"https:\/\/manifestgirlband.com\/wp-content\/uploads\/our-story-1.jpg","type":"image\/jpeg"}],"twitter_card":"summary_large_image","twitter_site":"@m6nifestgirls","twitter_misc":{"Tahmini okuma s\u00fcresi":"1 dakika"},"schema":{"@context":"https:\/\/schema.org","@graph":[{"@type":"WebPage","@id":"https:\/\/manifestgirlband.com\/tr\/","url":"https:\/\/manifestgirlband.com\/tr\/","name":"Manifest \u2014 Alt\u0131 K\u0131z. Bir Enerji.","isPartOf":{"@id":"https:\/\/manifestgirlband.com\/tr\/#website"},"primaryImageOfPage":{"@id":"https:\/\/manifestgirlband.com\/tr\/#primaryimage"},"image":{"@id":"https:\/\/manifestgirlband.com\/tr\/#primaryimage"},"thumbnailUrl":"https:\/\/manifestgirlband.com\/wp-content\/uploads\/our-story-1.jpg","datePublished":"2025-06-12T06:39:01+00:00","dateModified":"2025-09-22T07:14:58+00:00","description":"Manifest, Big 5 T\u00fcrkiye\u2019de do\u011fan alt\u0131 gen\u00e7 kad\u0131ndan olu\u015fan k\u0131z grubu. Cesur pop sound\u2019u ve enerjisiyle T\u00fcrkiye\u2019den k\u00fcresel sahneye uzan\u0131yor.","breadcrumb":{"@id":"https:\/\/manifestgirlband.com\/tr\/#breadcrumb"},"inLanguage":"tr","potentialAction":[{"@type":"ReadAction","target":["https:\/\/manifestgirlband.com\/tr\/"]}]},{"@type":"ImageObject","inLanguage":"tr","@id":"https:\/\/manifestgirlband.com\/tr\/#primaryimage","url":"https:\/\/manifestgirlband.com\/wp-content\/uploads\/our-story-1.jpg","contentUrl":"https:\/\/manifestgirlband.com\/wp-content\/uploads\/our-story-1.jpg","width":616,"height":492},{"@type":"BreadcrumbList","@id":"https:\/\/manifestgirlband.com\/tr\/#breadcrumb","itemListElement":[{"@type":"ListItem","position":1,"name":"Anasayfa","item":"https:\/\/manifestgirlband.com\/tr\/"},{"@type":"ListItem","position":2,"name":"Anasayfa"}]},{"@type":"WebSite","@id":"https:\/\/manifestgirlband.com\/tr\/#website","url":"https:\/\/manifestgirlband.com\/tr\/","name":"Manifest","description":"","publisher":{"@id":"https:\/\/manifestgirlband.com\/tr\/#organization"},"potentialAction":[{"@type":"SearchAction","target":{"@type":"EntryPoint","urlTemplate":"https:\/\/manifestgirlband.com\/tr\/?s={search_term_string}"},"query-input":{"@type":"PropertyValueSpecification","valueRequired":true,"valueName":"search_term_string"}}],"inLanguage":"tr"},{"@type":"Organization","@id":"https:\/\/manifestgirlband.com\/tr\/#organization","name":"Manifest","url":"https:\/\/manifestgirlband.com\/tr\/","logo":{"@type":"ImageObject","inLanguage":"tr","@id":"https:\/\/manifestgirlband.com\/tr\/#\/schema\/logo\/image\/","url":"https:\/\/manifestgirlband.com\/wp-content\/uploads\/manifest-og-logo-1.png","contentUrl":"https:\/\/manifestgirlband.com\/wp-content\/uploads\/manifest-og-logo-1.png","width":1200,"height":630,"caption":"Manifest"},"image":{"@id":"https:\/\/manifestgirlband.com\/tr\/#\/schema\/logo\/image\/"},"sameAs":["https:\/\/x.com\/m6nifestgirls","https:\/\/www.tiktok.com\/@m6nifestgirls","https:\/\/www.instagram.com\/m6nifestgirls","https:\/\/www.youtube.com\/@m6nifestgirls","https:\/\/open.spotify.com\/intl-tr\/artist\/2WjzL05RyqIk5n53sZc9nf?si=IehAfEebQA-buZyDJ6_m3w"]}]}},"_links":{"self":[{"href":"https:\/\/manifestgirlband.com\/tr\/wp-json\/wp\/v2\/pages\/156","targetHints":{"allow":["GET"]}}],"collection":[{"href":"https:\/\/manifestgirlband.com\/tr\/wp-json\/wp\/v2\/pages"}],"about":[{"href":"https:\/\/manifestgirlband.com\/tr\/wp-json\/wp\/v2\/types\/page"}],"author":[{"embeddable":true,"href":"https:\/\/manifestgirlband.com\/tr\/wp-json\/wp\/v2\/users\/2"}],"replies":[{"embeddable":true,"href":"https:\/\/manifestgirlband.com\/tr\/wp-json\/wp\/v2\/comments?post=156"}],"version-history":[{"count":2,"href":"https:\/\/manifestgirlband.com\/tr\/wp-json\/wp\/v2\/pages\/156\/revisions"}],"predecessor-version":[{"id":171,"href":"https:\/\/manifestgirlband.com\/tr\/wp-json\/wp\/v2\/pages\/156\/revisions\/171"}],"wp:featuredmedia":[{"embeddable":true,"href":"https:\/\/manifestgirlband.com\/tr\/wp-json\/wp\/v2\/media\/133"}],"wp:attachment":[{"href":"https:\/\/manifestgirlband.com\/tr\/wp-json\/wp\/v2\/media?parent=156"}],"curies":[{"name":"wp","href":"https:\/\/api.w.org\/{rel}","templated":true}]}}