{"id":202,"date":"2025-06-13T08:41:46","date_gmt":"2025-06-13T08:41:46","guid":{"rendered":"https:\/\/manifestgirlband.com\/?page_id=202"},"modified":"2025-09-22T07:25:41","modified_gmt":"2025-09-22T07:25:41","slug":"cerez-politikasi","status":"publish","type":"page","link":"https:\/\/manifestgirlband.com\/tr\/cerez-politikasi\/","title":{"rendered":"\u00c7erez Politikas\u0131"},"content":{"rendered":"\n<p>Web sitemizin temel i\u015flevselli\u011fi i\u00e7in yaln\u0131zca gerekli \u00e7erezleri kullan\u0131yoruz. Bu \u00e7erezler ki\u015fisel veri toplamaz ve sistemlerimiz \u00fczerinden devre d\u0131\u015f\u0131 b\u0131rak\u0131lamaz. Taray\u0131c\u0131n\u0131zdan engellemeniz m\u00fcmk\u00fcnd\u00fcr, ancak sitenin baz\u0131 b\u00f6l\u00fcmleri d\u00fczg\u00fcn \u00e7al\u0131\u015fmayabilir.<\/p>\n\n\n\n<h2 class=\"wp-block-heading\">Gerekli \u00c7erezler:<\/h2>\n\n\n\n<ul class=\"wp-block-list\">\n<li>Kimlik do\u011frulama \u00e7erezleri.<\/li>\n\n\n\n<li>G\u00fcvenlik \u00e7erezleri.<\/li>\n\n\n\n<li>Y\u00fck dengeleme \u00e7erezleri.<\/li>\n<\/ul>\n\n\n\n<p>Sorular\u0131n\u0131z i\u00e7in: <a href=\"mailto:hello@hypers.co\">hello@hypers.co<\/a><\/p>\n","protected":false},"excerpt":{"rendered":"<p>Web sitemizin temel i\u015flevselli\u011fi i\u00e7in yaln\u0131zca gerekli \u00e7erezleri kullan\u0131yoruz. Bu \u00e7erezler ki\u015fisel veri toplamaz ve sistemlerimiz \u00fczerinden devre d\u0131\u015f\u0131 b\u0131rak\u0131lamaz. Taray\u0131c\u0131n\u0131zdan engellemeniz m\u00fcmk\u00fcnd\u00fcr, ancak sitenin baz\u0131 b\u00f6l\u00fcmleri d\u00fczg\u00fcn \u00e7al\u0131\u015fmayabilir. Gerekli \u00c7erezler: Sorular\u0131n\u0131z i\u00e7in: hello@hypers.co<\/p>\n","protected":false},"author":2,"featured_media":0,"parent":0,"menu_order":0,"comment_status":"closed","ping_status":"closed","template":"","meta":{"_acf_changed":false,"footnotes":""},"class_list":["post-202","page","type-page","status-publish","hentry"],"acf":[],"yoast_head":"<!-- This site is optimized with the Yoast SEO plugin v25.3 - https:\/\/yoast.com\/wordpress\/plugins\/seo\/ -->\n<title>\u00c7erez Politikas\u0131 &#8212; Manifest<\/title>\n<meta name=\"description\" content=\"Web sitemizin temel i\u015flevselli\u011fi i\u00e7in gerekli \u00e7erezleri, saklama s\u00fcrelerini ve ayarlar\u0131n\u0131z\u0131 nas\u0131l kontrol edece\u011finizi KVKK\/GDPR \u00e7er\u00e7evesinde \u00f6zetliyoruz.\" \/>\n<meta name=\"robots\" content=\"noindex, nofollow\" \/>\n<meta property=\"og:locale\" content=\"tr_TR\" \/>\n<meta property=\"og:type\" content=\"article\" \/>\n<meta property=\"og:title\" content=\"\u00c7erez Politikas\u0131 &#8212; Manifest\" \/>\n<meta property=\"og:description\" content=\"Web sitemizin temel i\u015flevselli\u011fi i\u00e7in gerekli \u00e7erezleri, saklama s\u00fcrelerini ve ayarlar\u0131n\u0131z\u0131 nas\u0131l kontrol edece\u011finizi KVKK\/GDPR \u00e7er\u00e7evesinde \u00f6zetliyoruz.\" \/>\n<meta property=\"og:url\" content=\"https:\/\/manifestgirlband.com\/tr\/cerez-politikasi\/\" \/>\n<meta property=\"og:site_name\" content=\"Manifest\" \/>\n<meta property=\"article:modified_time\" content=\"2025-09-22T07:25:41+00:00\" \/>\n<meta property=\"og:image\" content=\"https:\/\/manifestgirlband.com\/wp-content\/uploads\/manifest-og-logo.png\" \/>\n\t<meta property=\"og:image:width\" content=\"1200\" \/>\n\t<meta property=\"og:image:height\" content=\"630\" \/>\n\t<meta property=\"og:image:type\" content=\"image\/png\" \/>\n<meta name=\"twitter:card\" content=\"summary_large_image\" \/>\n<meta name=\"twitter:site\" content=\"@m6nifestgirls\" \/>\n<meta name=\"twitter:label1\" content=\"Tahmini okuma s\u00fcresi\" \/>\n\t<meta name=\"twitter:data1\" content=\"1 dakika\" \/>\n<script type=\"application\/ld+json\" class=\"yoast-schema-graph\">{\"@context\":\"https:\/\/schema.org\",\"@graph\":[{\"@type\":\"WebPage\",\"@id\":\"https:\/\/manifestgirlband.com\/tr\/cerez-politikasi\/\",\"url\":\"https:\/\/manifestgirlband.com\/tr\/cerez-politikasi\/\",\"name\":\"\u00c7erez Politikas\u0131 &#8212; Manifest\",\"isPartOf\":{\"@id\":\"https:\/\/manifestgirlband.com\/tr\/#website\"},\"datePublished\":\"2025-06-13T08:41:46+00:00\",\"dateModified\":\"2025-09-22T07:25:41+00:00\",\"description\":\"Web sitemizin temel i\u015flevselli\u011fi i\u00e7in gerekli \u00e7erezleri, saklama s\u00fcrelerini ve ayarlar\u0131n\u0131z\u0131 nas\u0131l kontrol edece\u011finizi KVKK\/GDPR \u00e7er\u00e7evesinde \u00f6zetliyoruz.\",\"breadcrumb\":{\"@id\":\"https:\/\/manifestgirlband.com\/tr\/cerez-politikasi\/#breadcrumb\"},\"inLanguage\":\"tr\",\"potentialAction\":[{\"@type\":\"ReadAction\",\"target\":[\"https:\/\/manifestgirlband.com\/tr\/cerez-politikasi\/\"]}]},{\"@type\":\"BreadcrumbList\",\"@id\":\"https:\/\/manifestgirlband.com\/tr\/cerez-politikasi\/#breadcrumb\",\"itemListElement\":[{\"@type\":\"ListItem\",\"position\":1,\"name\":\"Anasayfa\",\"item\":\"https:\/\/manifestgirlband.com\/tr\/\"},{\"@type\":\"ListItem\",\"position\":2,\"name\":\"\u00c7erez Politikas\u0131\"}]},{\"@type\":\"WebSite\",\"@id\":\"https:\/\/manifestgirlband.com\/tr\/#website\",\"url\":\"https:\/\/manifestgirlband.com\/tr\/\",\"name\":\"Manifest\",\"description\":\"\",\"publisher\":{\"@id\":\"https:\/\/manifestgirlband.com\/tr\/#organization\"},\"potentialAction\":[{\"@type\":\"SearchAction\",\"target\":{\"@type\":\"EntryPoint\",\"urlTemplate\":\"https:\/\/manifestgirlband.com\/tr\/?s={search_term_string}\"},\"query-input\":{\"@type\":\"PropertyValueSpecification\",\"valueRequired\":true,\"valueName\":\"search_term_string\"}}],\"inLanguage\":\"tr\"},{\"@type\":\"Organization\",\"@id\":\"https:\/\/manifestgirlband.com\/tr\/#organization\",\"name\":\"Manifest\",\"url\":\"https:\/\/manifestgirlband.com\/tr\/\",\"logo\":{\"@type\":\"ImageObject\",\"inLanguage\":\"tr\",\"@id\":\"https:\/\/manifestgirlband.com\/tr\/#\/schema\/logo\/image\/\",\"url\":\"https:\/\/manifestgirlband.com\/wp-content\/uploads\/manifest-og-logo-1.png\",\"contentUrl\":\"https:\/\/manifestgirlband.com\/wp-content\/uploads\/manifest-og-logo-1.png\",\"width\":1200,\"height\":630,\"caption\":\"Manifest\"},\"image\":{\"@id\":\"https:\/\/manifestgirlband.com\/tr\/#\/schema\/logo\/image\/\"},\"sameAs\":[\"https:\/\/x.com\/m6nifestgirls\",\"https:\/\/www.tiktok.com\/@m6nifestgirls\",\"https:\/\/www.instagram.com\/m6nifestgirls\",\"https:\/\/www.youtube.com\/@m6nifestgirls\",\"https:\/\/open.spotify.com\/intl-tr\/artist\/2WjzL05RyqIk5n53sZc9nf?si=IehAfEebQA-buZyDJ6_m3w\"]}]}<\/script>\n<!-- \/ Yoast SEO plugin. -->","yoast_head_json":{"title":"\u00c7erez Politikas\u0131 &#8212; Manifest","description":"Web sitemizin temel i\u015flevselli\u011fi i\u00e7in gerekli \u00e7erezleri, saklama s\u00fcrelerini ve ayarlar\u0131n\u0131z\u0131 nas\u0131l kontrol edece\u011finizi KVKK\/GDPR \u00e7er\u00e7evesinde \u00f6zetliyoruz.","robots":{"index":"noindex","follow":"nofollow"},"og_locale":"tr_TR","og_type":"article","og_title":"\u00c7erez Politikas\u0131 &#8212; Manifest","og_description":"Web sitemizin temel i\u015flevselli\u011fi i\u00e7in gerekli \u00e7erezleri, saklama s\u00fcrelerini ve ayarlar\u0131n\u0131z\u0131 nas\u0131l kontrol edece\u011finizi KVKK\/GDPR \u00e7er\u00e7evesinde \u00f6zetliyoruz.","og_url":"https:\/\/manifestgirlband.com\/tr\/cerez-politikasi\/","og_site_name":"Manifest","article_modified_time":"2025-09-22T07:25:41+00:00","og_image":[{"width":1200,"height":630,"url":"https:\/\/manifestgirlband.com\/wp-content\/uploads\/manifest-og-logo.png","type":"image\/png"}],"twitter_card":"summary_large_image","twitter_site":"@m6nifestgirls","twitter_misc":{"Tahmini okuma s\u00fcresi":"1 dakika"},"schema":{"@context":"https:\/\/schema.org","@graph":[{"@type":"WebPage","@id":"https:\/\/manifestgirlband.com\/tr\/cerez-politikasi\/","url":"https:\/\/manifestgirlband.com\/tr\/cerez-politikasi\/","name":"\u00c7erez Politikas\u0131 &#8212; Manifest","isPartOf":{"@id":"https:\/\/manifestgirlband.com\/tr\/#website"},"datePublished":"2025-06-13T08:41:46+00:00","dateModified":"2025-09-22T07:25:41+00:00","description":"Web sitemizin temel i\u015flevselli\u011fi i\u00e7in gerekli \u00e7erezleri, saklama s\u00fcrelerini ve ayarlar\u0131n\u0131z\u0131 nas\u0131l kontrol edece\u011finizi KVKK\/GDPR \u00e7er\u00e7evesinde \u00f6zetliyoruz.","breadcrumb":{"@id":"https:\/\/manifestgirlband.com\/tr\/cerez-politikasi\/#breadcrumb"},"inLanguage":"tr","potentialAction":[{"@type":"ReadAction","target":["https:\/\/manifestgirlband.com\/tr\/cerez-politikasi\/"]}]},{"@type":"BreadcrumbList","@id":"https:\/\/manifestgirlband.com\/tr\/cerez-politikasi\/#breadcrumb","itemListElement":[{"@type":"ListItem","position":1,"name":"Anasayfa","item":"https:\/\/manifestgirlband.com\/tr\/"},{"@type":"ListItem","position":2,"name":"\u00c7erez Politikas\u0131"}]},{"@type":"WebSite","@id":"https:\/\/manifestgirlband.com\/tr\/#website","url":"https:\/\/manifestgirlband.com\/tr\/","name":"Manifest","description":"","publisher":{"@id":"https:\/\/manifestgirlband.com\/tr\/#organization"},"potentialAction":[{"@type":"SearchAction","target":{"@type":"EntryPoint","urlTemplate":"https:\/\/manifestgirlband.com\/tr\/?s={search_term_string}"},"query-input":{"@type":"PropertyValueSpecification","valueRequired":true,"valueName":"search_term_string"}}],"inLanguage":"tr"},{"@type":"Organization","@id":"https:\/\/manifestgirlband.com\/tr\/#organization","name":"Manifest","url":"https:\/\/manifestgirlband.com\/tr\/","logo":{"@type":"ImageObject","inLanguage":"tr","@id":"https:\/\/manifestgirlband.com\/tr\/#\/schema\/logo\/image\/","url":"https:\/\/manifestgirlband.com\/wp-content\/uploads\/manifest-og-logo-1.png","contentUrl":"https:\/\/manifestgirlband.com\/wp-content\/uploads\/manifest-og-logo-1.png","width":1200,"height":630,"caption":"Manifest"},"image":{"@id":"https:\/\/manifestgirlband.com\/tr\/#\/schema\/logo\/image\/"},"sameAs":["https:\/\/x.com\/m6nifestgirls","https:\/\/www.tiktok.com\/@m6nifestgirls","https:\/\/www.instagram.com\/m6nifestgirls","https:\/\/www.youtube.com\/@m6nifestgirls","https:\/\/open.spotify.com\/intl-tr\/artist\/2WjzL05RyqIk5n53sZc9nf?si=IehAfEebQA-buZyDJ6_m3w"]}]}},"_links":{"self":[{"href":"https:\/\/manifestgirlband.com\/tr\/wp-json\/wp\/v2\/pages\/202","targetHints":{"allow":["GET"]}}],"collection":[{"href":"https:\/\/manifestgirlband.com\/tr\/wp-json\/wp\/v2\/pages"}],"about":[{"href":"https:\/\/manifestgirlband.com\/tr\/wp-json\/wp\/v2\/types\/page"}],"author":[{"embeddable":true,"href":"https:\/\/manifestgirlband.com\/tr\/wp-json\/wp\/v2\/users\/2"}],"replies":[{"embeddable":true,"href":"https:\/\/manifestgirlband.com\/tr\/wp-json\/wp\/v2\/comments?post=202"}],"version-history":[{"count":3,"href":"https:\/\/manifestgirlband.com\/tr\/wp-json\/wp\/v2\/pages\/202\/revisions"}],"predecessor-version":[{"id":223,"href":"https:\/\/manifestgirlband.com\/tr\/wp-json\/wp\/v2\/pages\/202\/revisions\/223"}],"wp:attachment":[{"href":"https:\/\/manifestgirlband.com\/tr\/wp-json\/wp\/v2\/media?parent=202"}],"curies":[{"name":"wp","href":"https:\/\/api.w.org\/{rel}","templated":true}]}}