{"id":353,"date":"2025-06-26T10:54:27","date_gmt":"2025-06-26T10:54:27","guid":{"rendered":"https:\/\/manifestgirlband.com\/?page_id=353"},"modified":"2025-09-22T07:04:33","modified_gmt":"2025-09-22T07:04:33","slug":"mina-solak","status":"publish","type":"page","link":"https:\/\/manifestgirlband.com\/tr\/mina-solak\/","title":{"rendered":"Mina Solak"},"content":{"rendered":"","protected":false},"excerpt":{"rendered":"","protected":false},"author":7,"featured_media":0,"parent":0,"menu_order":-15,"comment_status":"closed","ping_status":"closed","template":"page-ekip.php","meta":{"_acf_changed":false,"footnotes":""},"class_list":["post-353","page","type-page","status-publish","hentry"],"acf":[],"yoast_head":"<!-- This site is optimized with the Yoast SEO plugin v25.3 - https:\/\/yoast.com\/wordpress\/plugins\/seo\/ -->\n<title>Mina Solak &#8212; Manifest<\/title>\n<meta name=\"description\" content=\"Manifest \u00fcyesi Mina Solak. Bale ve modern dansla ba\u015flayan yolculu\u011fu profesyonel sahnelere uzand\u0131. K\u0131rm\u0131z\u0131 enerjisiyle tutku ve samimiyeti yans\u0131t\u0131yor.\" \/>\n<meta name=\"robots\" content=\"index, follow, max-snippet:-1, max-image-preview:large, max-video-preview:-1\" \/>\n<link rel=\"canonical\" href=\"https:\/\/manifestgirlband.com\/tr\/mina-solak\/\" \/>\n<meta property=\"og:locale\" content=\"tr_TR\" \/>\n<meta property=\"og:type\" content=\"article\" \/>\n<meta property=\"og:title\" content=\"Mina Solak &#8212; Manifest\" \/>\n<meta property=\"og:description\" content=\"Manifest \u00fcyesi Mina Solak. Bale ve modern dansla ba\u015flayan yolculu\u011fu profesyonel sahnelere uzand\u0131. K\u0131rm\u0131z\u0131 enerjisiyle tutku ve samimiyeti yans\u0131t\u0131yor.\" \/>\n<meta property=\"og:url\" content=\"https:\/\/manifestgirlband.com\/tr\/mina-solak\/\" \/>\n<meta property=\"og:site_name\" content=\"Manifest\" \/>\n<meta property=\"article:modified_time\" content=\"2025-09-22T07:04:33+00:00\" \/>\n<meta property=\"og:image\" content=\"https:\/\/manifestgirlband.com\/wp-content\/uploads\/manifest-og-logo.png\" \/>\n\t<meta property=\"og:image:width\" content=\"1200\" \/>\n\t<meta property=\"og:image:height\" content=\"630\" \/>\n\t<meta property=\"og:image:type\" content=\"image\/png\" \/>\n<meta name=\"twitter:card\" content=\"summary_large_image\" \/>\n<meta name=\"twitter:site\" content=\"@m6nifestgirls\" \/>\n<script type=\"application\/ld+json\" class=\"yoast-schema-graph\">{\"@context\":\"https:\/\/schema.org\",\"@graph\":[{\"@type\":\"WebPage\",\"@id\":\"https:\/\/manifestgirlband.com\/tr\/mina-solak\/\",\"url\":\"https:\/\/manifestgirlband.com\/tr\/mina-solak\/\",\"name\":\"Mina Solak &#8212; Manifest\",\"isPartOf\":{\"@id\":\"https:\/\/manifestgirlband.com\/tr\/#website\"},\"datePublished\":\"2025-06-26T10:54:27+00:00\",\"dateModified\":\"2025-09-22T07:04:33+00:00\",\"description\":\"Manifest \u00fcyesi Mina Solak. Bale ve modern dansla ba\u015flayan yolculu\u011fu profesyonel sahnelere uzand\u0131. K\u0131rm\u0131z\u0131 enerjisiyle tutku ve samimiyeti yans\u0131t\u0131yor.\",\"breadcrumb\":{\"@id\":\"https:\/\/manifestgirlband.com\/tr\/mina-solak\/#breadcrumb\"},\"inLanguage\":\"tr\",\"potentialAction\":[{\"@type\":\"ReadAction\",\"target\":[\"https:\/\/manifestgirlband.com\/tr\/mina-solak\/\"]}]},{\"@type\":\"BreadcrumbList\",\"@id\":\"https:\/\/manifestgirlband.com\/tr\/mina-solak\/#breadcrumb\",\"itemListElement\":[{\"@type\":\"ListItem\",\"position\":1,\"name\":\"Anasayfa\",\"item\":\"https:\/\/manifestgirlband.com\/tr\/\"},{\"@type\":\"ListItem\",\"position\":2,\"name\":\"Mina Solak\"}]},{\"@type\":\"WebSite\",\"@id\":\"https:\/\/manifestgirlband.com\/tr\/#website\",\"url\":\"https:\/\/manifestgirlband.com\/tr\/\",\"name\":\"Manifest\",\"description\":\"\",\"publisher\":{\"@id\":\"https:\/\/manifestgirlband.com\/tr\/#organization\"},\"potentialAction\":[{\"@type\":\"SearchAction\",\"target\":{\"@type\":\"EntryPoint\",\"urlTemplate\":\"https:\/\/manifestgirlband.com\/tr\/?s={search_term_string}\"},\"query-input\":{\"@type\":\"PropertyValueSpecification\",\"valueRequired\":true,\"valueName\":\"search_term_string\"}}],\"inLanguage\":\"tr\"},{\"@type\":\"Organization\",\"@id\":\"https:\/\/manifestgirlband.com\/tr\/#organization\",\"name\":\"Manifest\",\"url\":\"https:\/\/manifestgirlband.com\/tr\/\",\"logo\":{\"@type\":\"ImageObject\",\"inLanguage\":\"tr\",\"@id\":\"https:\/\/manifestgirlband.com\/tr\/#\/schema\/logo\/image\/\",\"url\":\"https:\/\/manifestgirlband.com\/wp-content\/uploads\/manifest-og-logo-1.png\",\"contentUrl\":\"https:\/\/manifestgirlband.com\/wp-content\/uploads\/manifest-og-logo-1.png\",\"width\":1200,\"height\":630,\"caption\":\"Manifest\"},\"image\":{\"@id\":\"https:\/\/manifestgirlband.com\/tr\/#\/schema\/logo\/image\/\"},\"sameAs\":[\"https:\/\/x.com\/m6nifestgirls\",\"https:\/\/www.tiktok.com\/@m6nifestgirls\",\"https:\/\/www.instagram.com\/m6nifestgirls\",\"https:\/\/www.youtube.com\/@m6nifestgirls\",\"https:\/\/open.spotify.com\/intl-tr\/artist\/2WjzL05RyqIk5n53sZc9nf?si=IehAfEebQA-buZyDJ6_m3w\"]}]}<\/script>\n<!-- \/ Yoast SEO plugin. -->","yoast_head_json":{"title":"Mina Solak &#8212; Manifest","description":"Manifest \u00fcyesi Mina Solak. Bale ve modern dansla ba\u015flayan yolculu\u011fu profesyonel sahnelere uzand\u0131. K\u0131rm\u0131z\u0131 enerjisiyle tutku ve samimiyeti yans\u0131t\u0131yor.","robots":{"index":"index","follow":"follow","max-snippet":"max-snippet:-1","max-image-preview":"max-image-preview:large","max-video-preview":"max-video-preview:-1"},"canonical":"https:\/\/manifestgirlband.com\/tr\/mina-solak\/","og_locale":"tr_TR","og_type":"article","og_title":"Mina Solak &#8212; Manifest","og_description":"Manifest \u00fcyesi Mina Solak. Bale ve modern dansla ba\u015flayan yolculu\u011fu profesyonel sahnelere uzand\u0131. K\u0131rm\u0131z\u0131 enerjisiyle tutku ve samimiyeti yans\u0131t\u0131yor.","og_url":"https:\/\/manifestgirlband.com\/tr\/mina-solak\/","og_site_name":"Manifest","article_modified_time":"2025-09-22T07:04:33+00:00","og_image":[{"width":1200,"height":630,"url":"https:\/\/manifestgirlband.com\/wp-content\/uploads\/manifest-og-logo.png","type":"image\/png"}],"twitter_card":"summary_large_image","twitter_site":"@m6nifestgirls","schema":{"@context":"https:\/\/schema.org","@graph":[{"@type":"WebPage","@id":"https:\/\/manifestgirlband.com\/tr\/mina-solak\/","url":"https:\/\/manifestgirlband.com\/tr\/mina-solak\/","name":"Mina Solak &#8212; Manifest","isPartOf":{"@id":"https:\/\/manifestgirlband.com\/tr\/#website"},"datePublished":"2025-06-26T10:54:27+00:00","dateModified":"2025-09-22T07:04:33+00:00","description":"Manifest \u00fcyesi Mina Solak. Bale ve modern dansla ba\u015flayan yolculu\u011fu profesyonel sahnelere uzand\u0131. K\u0131rm\u0131z\u0131 enerjisiyle tutku ve samimiyeti yans\u0131t\u0131yor.","breadcrumb":{"@id":"https:\/\/manifestgirlband.com\/tr\/mina-solak\/#breadcrumb"},"inLanguage":"tr","potentialAction":[{"@type":"ReadAction","target":["https:\/\/manifestgirlband.com\/tr\/mina-solak\/"]}]},{"@type":"BreadcrumbList","@id":"https:\/\/manifestgirlband.com\/tr\/mina-solak\/#breadcrumb","itemListElement":[{"@type":"ListItem","position":1,"name":"Anasayfa","item":"https:\/\/manifestgirlband.com\/tr\/"},{"@type":"ListItem","position":2,"name":"Mina Solak"}]},{"@type":"WebSite","@id":"https:\/\/manifestgirlband.com\/tr\/#website","url":"https:\/\/manifestgirlband.com\/tr\/","name":"Manifest","description":"","publisher":{"@id":"https:\/\/manifestgirlband.com\/tr\/#organization"},"potentialAction":[{"@type":"SearchAction","target":{"@type":"EntryPoint","urlTemplate":"https:\/\/manifestgirlband.com\/tr\/?s={search_term_string}"},"query-input":{"@type":"PropertyValueSpecification","valueRequired":true,"valueName":"search_term_string"}}],"inLanguage":"tr"},{"@type":"Organization","@id":"https:\/\/manifestgirlband.com\/tr\/#organization","name":"Manifest","url":"https:\/\/manifestgirlband.com\/tr\/","logo":{"@type":"ImageObject","inLanguage":"tr","@id":"https:\/\/manifestgirlband.com\/tr\/#\/schema\/logo\/image\/","url":"https:\/\/manifestgirlband.com\/wp-content\/uploads\/manifest-og-logo-1.png","contentUrl":"https:\/\/manifestgirlband.com\/wp-content\/uploads\/manifest-og-logo-1.png","width":1200,"height":630,"caption":"Manifest"},"image":{"@id":"https:\/\/manifestgirlband.com\/tr\/#\/schema\/logo\/image\/"},"sameAs":["https:\/\/x.com\/m6nifestgirls","https:\/\/www.tiktok.com\/@m6nifestgirls","https:\/\/www.instagram.com\/m6nifestgirls","https:\/\/www.youtube.com\/@m6nifestgirls","https:\/\/open.spotify.com\/intl-tr\/artist\/2WjzL05RyqIk5n53sZc9nf?si=IehAfEebQA-buZyDJ6_m3w"]}]}},"_links":{"self":[{"href":"https:\/\/manifestgirlband.com\/tr\/wp-json\/wp\/v2\/pages\/353","targetHints":{"allow":["GET"]}}],"collection":[{"href":"https:\/\/manifestgirlband.com\/tr\/wp-json\/wp\/v2\/pages"}],"about":[{"href":"https:\/\/manifestgirlband.com\/tr\/wp-json\/wp\/v2\/types\/page"}],"author":[{"embeddable":true,"href":"https:\/\/manifestgirlband.com\/tr\/wp-json\/wp\/v2\/users\/7"}],"replies":[{"embeddable":true,"href":"https:\/\/manifestgirlband.com\/tr\/wp-json\/wp\/v2\/comments?post=353"}],"version-history":[{"count":8,"href":"https:\/\/manifestgirlband.com\/tr\/wp-json\/wp\/v2\/pages\/353\/revisions"}],"predecessor-version":[{"id":497,"href":"https:\/\/manifestgirlband.com\/tr\/wp-json\/wp\/v2\/pages\/353\/revisions\/497"}],"wp:attachment":[{"href":"https:\/\/manifestgirlband.com\/tr\/wp-json\/wp\/v2\/media?parent=353"}],"curies":[{"name":"wp","href":"https:\/\/api.w.org\/{rel}","templated":true}]}}